{"id":1404,"date":"2011-07-13T16:56:06","date_gmt":"2011-07-13T14:56:06","guid":{"rendered":"http:\/\/www.berliner-seiten.de\/ganz-nah\/?page_id=1404"},"modified":"2011-10-26T12:02:15","modified_gmt":"2011-10-26T10:02:15","slug":"berliner-bauten-auf-fotokarten","status":"publish","type":"page","link":"http:\/\/www.berliner-seiten.de\/ganz-nah\/fotokarten\/historische-gebaeude-auf-postkarten\/berliner-bauten-auf-fotokarten\/","title":{"rendered":"Berlin bei Nacht"},"content":{"rendered":"<h3>Im Zentrum meiner Fotokarten zum Thema \u201cHistorische Geb\u00e4ude\u201d steht nat\u00fcrlich Berlin. Besonders attraktiv bietet sich die Hauptstadt mit ihren historischen Geb\u00e4uden und vielen anderen Sehensw\u00fcrdigkeiten n\u00e4chtlich illuminiert dar &#8211; nach den Folgen f\u00fcr den Klimaschutz wird dann eher selten gefragt.\u00a0 Und das zu keiner Zeit intensiver als bei dem j\u00e4hrlich stattfindenden \u201cFestival of Lights\u201d.<\/h3>\n<div id=\"attachment_1407\" style=\"width: 310px\" class=\"wp-caption aligncenter\"><a href=\"http:\/\/www.berliner-seiten.de\/ganz-nah\/files\/2011\/07\/Karte6.jpg\"><img loading=\"lazy\" decoding=\"async\" aria-describedby=\"caption-attachment-1407\" class=\"size-medium wp-image-1407\" src=\"http:\/\/www.berliner-seiten.de\/ganz-nah\/files\/2011\/07\/Karte6-300x200.jpg\" alt=\"\" width=\"300\" height=\"200\" srcset=\"http:\/\/www.berliner-seiten.de\/ganz-nah\/files\/2011\/07\/Karte6-300x200.jpg 300w, http:\/\/www.berliner-seiten.de\/ganz-nah\/files\/2011\/07\/Karte6-1024x684.jpg 1024w\" sizes=\"auto, (max-width: 300px) 100vw, 300px\" \/><\/a><p id=\"caption-attachment-1407\" class=\"wp-caption-text\">Alexanderplatz und Umgebung<\/p><\/div>\n<div id=\"attachment_1408\" style=\"width: 310px\" class=\"wp-caption aligncenter\"><a href=\"http:\/\/www.berliner-seiten.de\/ganz-nah\/files\/2011\/07\/Karte5.jpg\"><img loading=\"lazy\" decoding=\"async\" aria-describedby=\"caption-attachment-1408\" class=\"size-medium wp-image-1408\" src=\"http:\/\/www.berliner-seiten.de\/ganz-nah\/files\/2011\/07\/Karte5-300x200.jpg\" alt=\"\" width=\"300\" height=\"200\" srcset=\"http:\/\/www.berliner-seiten.de\/ganz-nah\/files\/2011\/07\/Karte5-300x200.jpg 300w, http:\/\/www.berliner-seiten.de\/ganz-nah\/files\/2011\/07\/Karte5-1024x684.jpg 1024w\" sizes=\"auto, (max-width: 300px) 100vw, 300px\" \/><\/a><p id=\"caption-attachment-1408\" class=\"wp-caption-text\">Brandenburger Tor und Boulevard Unter den Linden<\/p><\/div>\n<div id=\"attachment_1409\" style=\"width: 310px\" class=\"wp-caption aligncenter\"><a href=\"http:\/\/www.berliner-seiten.de\/ganz-nah\/files\/2011\/07\/Karte4.jpg\"><img loading=\"lazy\" decoding=\"async\" aria-describedby=\"caption-attachment-1409\" class=\"size-medium wp-image-1409\" src=\"http:\/\/www.berliner-seiten.de\/ganz-nah\/files\/2011\/07\/Karte4-300x200.jpg\" alt=\"\" width=\"300\" height=\"200\" srcset=\"http:\/\/www.berliner-seiten.de\/ganz-nah\/files\/2011\/07\/Karte4-300x200.jpg 300w, http:\/\/www.berliner-seiten.de\/ganz-nah\/files\/2011\/07\/Karte4-1024x684.jpg 1024w\" sizes=\"auto, (max-width: 300px) 100vw, 300px\" \/><\/a><p id=\"caption-attachment-1409\" class=\"wp-caption-text\">Gendarmenmarkt mit Schauspiel (Konzert-)haus<\/p><\/div>\n<div id=\"attachment_1410\" style=\"width: 310px\" class=\"wp-caption aligncenter\"><a href=\"http:\/\/www.berliner-seiten.de\/ganz-nah\/files\/2011\/07\/Karte7.jpg\"><img loading=\"lazy\" decoding=\"async\" aria-describedby=\"caption-attachment-1410\" class=\"size-medium wp-image-1410\" src=\"http:\/\/www.berliner-seiten.de\/ganz-nah\/files\/2011\/07\/Karte7-300x200.jpg\" alt=\"\" width=\"300\" height=\"200\" srcset=\"http:\/\/www.berliner-seiten.de\/ganz-nah\/files\/2011\/07\/Karte7-300x200.jpg 300w, http:\/\/www.berliner-seiten.de\/ganz-nah\/files\/2011\/07\/Karte7-1024x684.jpg 1024w\" sizes=\"auto, (max-width: 300px) 100vw, 300px\" \/><\/a><p id=\"caption-attachment-1410\" class=\"wp-caption-text\">Neues Regierungsviertel und Hauptbahnhof<\/p><\/div>\n<div id=\"attachment_1670\" style=\"width: 310px\" class=\"wp-caption aligncenter\"><a href=\"http:\/\/www.berliner-seiten.de\/ganz-nah\/files\/2011\/07\/A_Hauptbahnhof.jpg\"><img loading=\"lazy\" decoding=\"async\" aria-describedby=\"caption-attachment-1670\" class=\"size-medium wp-image-1670\" src=\"http:\/\/www.berliner-seiten.de\/ganz-nah\/files\/2011\/07\/A_Hauptbahnhof-300x200.jpg\" alt=\"\" width=\"300\" height=\"200\" srcset=\"http:\/\/www.berliner-seiten.de\/ganz-nah\/files\/2011\/07\/A_Hauptbahnhof-300x200.jpg 300w, http:\/\/www.berliner-seiten.de\/ganz-nah\/files\/2011\/07\/A_Hauptbahnhof-1024x683.jpg 1024w\" sizes=\"auto, (max-width: 300px) 100vw, 300px\" \/><\/a><p id=\"caption-attachment-1670\" class=\"wp-caption-text\">Hauptbahnhof, 2006-2010<\/p><\/div>\n<div id=\"attachment_1417\" style=\"width: 310px\" class=\"wp-caption aligncenter\"><a href=\"http:\/\/www.berliner-seiten.de\/ganz-nah\/files\/2011\/07\/Karte-A.jpg\"><img loading=\"lazy\" decoding=\"async\" aria-describedby=\"caption-attachment-1417\" class=\"size-medium wp-image-1417\" src=\"http:\/\/www.berliner-seiten.de\/ganz-nah\/files\/2011\/07\/Karte-A-300x200.jpg\" alt=\"\" width=\"300\" height=\"200\" srcset=\"http:\/\/www.berliner-seiten.de\/ganz-nah\/files\/2011\/07\/Karte-A-300x200.jpg 300w, http:\/\/www.berliner-seiten.de\/ganz-nah\/files\/2011\/07\/Karte-A-1024x682.jpg 1024w\" sizes=\"auto, (max-width: 300px) 100vw, 300px\" \/><\/a><p id=\"caption-attachment-1417\" class=\"wp-caption-text\">Vorweihnachtliches Berlin-1, 2007<\/p><\/div>\n<div id=\"attachment_1418\" style=\"width: 310px\" class=\"wp-caption aligncenter\"><a href=\"http:\/\/www.berliner-seiten.de\/ganz-nah\/files\/2011\/07\/Karte-B.jpg\"><img loading=\"lazy\" decoding=\"async\" aria-describedby=\"caption-attachment-1418\" class=\"size-medium wp-image-1418\" src=\"http:\/\/www.berliner-seiten.de\/ganz-nah\/files\/2011\/07\/Karte-B-300x200.jpg\" alt=\"\" width=\"300\" height=\"200\" srcset=\"http:\/\/www.berliner-seiten.de\/ganz-nah\/files\/2011\/07\/Karte-B-300x200.jpg 300w, http:\/\/www.berliner-seiten.de\/ganz-nah\/files\/2011\/07\/Karte-B-1024x682.jpg 1024w\" sizes=\"auto, (max-width: 300px) 100vw, 300px\" \/><\/a><p id=\"caption-attachment-1418\" class=\"wp-caption-text\">Vorweihnachtliches Berlin-2, 2007<\/p><\/div>\n<div id=\"attachment_1431\" style=\"width: 310px\" class=\"wp-caption aligncenter\"><a href=\"http:\/\/www.berliner-seiten.de\/ganz-nah\/files\/2011\/07\/Bild6.jpg\"><img loading=\"lazy\" decoding=\"async\" aria-describedby=\"caption-attachment-1431\" class=\"size-medium wp-image-1431\" src=\"http:\/\/www.berliner-seiten.de\/ganz-nah\/files\/2011\/07\/Bild6-300x200.jpg\" alt=\"\" width=\"300\" height=\"200\" srcset=\"http:\/\/www.berliner-seiten.de\/ganz-nah\/files\/2011\/07\/Bild6-300x200.jpg 300w, http:\/\/www.berliner-seiten.de\/ganz-nah\/files\/2011\/07\/Bild6-1024x683.jpg 1024w\" sizes=\"auto, (max-width: 300px) 100vw, 300px\" \/><\/a><p id=\"caption-attachment-1431\" class=\"wp-caption-text\">Festival of Lights-1, 2006<\/p><\/div>\n<div id=\"attachment_1430\" style=\"width: 310px\" class=\"wp-caption aligncenter\"><a href=\"http:\/\/www.berliner-seiten.de\/ganz-nah\/files\/2011\/07\/Bild5.jpg\"><img loading=\"lazy\" decoding=\"async\" aria-describedby=\"caption-attachment-1430\" class=\"size-medium wp-image-1430\" src=\"http:\/\/www.berliner-seiten.de\/ganz-nah\/files\/2011\/07\/Bild5-300x200.jpg\" alt=\"\" width=\"300\" height=\"200\" srcset=\"http:\/\/www.berliner-seiten.de\/ganz-nah\/files\/2011\/07\/Bild5-300x200.jpg 300w, http:\/\/www.berliner-seiten.de\/ganz-nah\/files\/2011\/07\/Bild5-1024x683.jpg 1024w\" sizes=\"auto, (max-width: 300px) 100vw, 300px\" \/><\/a><p id=\"caption-attachment-1430\" class=\"wp-caption-text\">Festival of Lights-2, 2006<\/p><\/div>\n<div id=\"attachment_1428\" style=\"width: 310px\" class=\"wp-caption aligncenter\"><a href=\"http:\/\/www.berliner-seiten.de\/ganz-nah\/files\/2011\/07\/Lights1-A2.jpg\"><img loading=\"lazy\" decoding=\"async\" aria-describedby=\"caption-attachment-1428\" class=\"size-medium wp-image-1428\" src=\"http:\/\/www.berliner-seiten.de\/ganz-nah\/files\/2011\/07\/Lights1-A2-300x200.jpg\" alt=\"\" width=\"300\" height=\"200\" srcset=\"http:\/\/www.berliner-seiten.de\/ganz-nah\/files\/2011\/07\/Lights1-A2-300x200.jpg 300w, http:\/\/www.berliner-seiten.de\/ganz-nah\/files\/2011\/07\/Lights1-A2-1024x682.jpg 1024w\" sizes=\"auto, (max-width: 300px) 100vw, 300px\" \/><\/a><p id=\"caption-attachment-1428\" class=\"wp-caption-text\">Festival of Lights-1, 2007<\/p><\/div>\n<div>\n<div id=\"attachment_1412\" style=\"width: 310px\" class=\"wp-caption aligncenter\"><a href=\"http:\/\/www.berliner-seiten.de\/ganz-nah\/files\/2011\/07\/Karte2-Variante1.jpg\"><img loading=\"lazy\" decoding=\"async\" aria-describedby=\"caption-attachment-1412\" class=\"size-medium wp-image-1412\" src=\"http:\/\/www.berliner-seiten.de\/ganz-nah\/files\/2011\/07\/Karte2-Variante1-300x200.jpg\" alt=\"\" width=\"300\" height=\"200\" srcset=\"http:\/\/www.berliner-seiten.de\/ganz-nah\/files\/2011\/07\/Karte2-Variante1-300x200.jpg 300w, http:\/\/www.berliner-seiten.de\/ganz-nah\/files\/2011\/07\/Karte2-Variante1-1024x682.jpg 1024w\" sizes=\"auto, (max-width: 300px) 100vw, 300px\" \/><\/a><p id=\"caption-attachment-1412\" class=\"wp-caption-text\">Festival of Lights-2, 2007<\/p><\/div>\n<div id=\"attachment_1432\" style=\"width: 310px\" class=\"wp-caption aligncenter\"><a href=\"http:\/\/www.berliner-seiten.de\/ganz-nah\/files\/2011\/07\/Lights1.jpg\"><img loading=\"lazy\" decoding=\"async\" aria-describedby=\"caption-attachment-1432\" class=\"size-medium wp-image-1432\" src=\"http:\/\/www.berliner-seiten.de\/ganz-nah\/files\/2011\/07\/Lights1-300x200.jpg\" alt=\"\" width=\"300\" height=\"200\" srcset=\"http:\/\/www.berliner-seiten.de\/ganz-nah\/files\/2011\/07\/Lights1-300x200.jpg 300w, http:\/\/www.berliner-seiten.de\/ganz-nah\/files\/2011\/07\/Lights1-1024x682.jpg 1024w\" sizes=\"auto, (max-width: 300px) 100vw, 300px\" \/><\/a><p id=\"caption-attachment-1432\" class=\"wp-caption-text\">Festival of Lights-3, 2007<\/p><\/div>\n<div id=\"attachment_1414\" style=\"width: 310px\" class=\"wp-caption aligncenter\"><a href=\"http:\/\/www.berliner-seiten.de\/ganz-nah\/files\/2011\/07\/Karte3.jpg\"><img loading=\"lazy\" decoding=\"async\" aria-describedby=\"caption-attachment-1414\" class=\"size-medium wp-image-1414\" src=\"http:\/\/www.berliner-seiten.de\/ganz-nah\/files\/2011\/07\/Karte3-300x200.jpg\" alt=\"\" width=\"300\" height=\"200\" srcset=\"http:\/\/www.berliner-seiten.de\/ganz-nah\/files\/2011\/07\/Karte3-300x200.jpg 300w, http:\/\/www.berliner-seiten.de\/ganz-nah\/files\/2011\/07\/Karte3-1024x682.jpg 1024w\" sizes=\"auto, (max-width: 300px) 100vw, 300px\" \/><\/a><p id=\"caption-attachment-1414\" class=\"wp-caption-text\">Festival of Lights-4, Fernsehturm, 2007<\/p><\/div>\n<div id=\"attachment_1435\" style=\"width: 310px\" class=\"wp-caption aligncenter\"><a href=\"http:\/\/www.berliner-seiten.de\/ganz-nah\/files\/2011\/07\/Karte-A-neu.jpg\"><img loading=\"lazy\" decoding=\"async\" aria-describedby=\"caption-attachment-1435\" class=\"size-medium wp-image-1435\" src=\"http:\/\/www.berliner-seiten.de\/ganz-nah\/files\/2011\/07\/Karte-A-neu-300x200.jpg\" alt=\"\" width=\"300\" height=\"200\" srcset=\"http:\/\/www.berliner-seiten.de\/ganz-nah\/files\/2011\/07\/Karte-A-neu-300x200.jpg 300w, http:\/\/www.berliner-seiten.de\/ganz-nah\/files\/2011\/07\/Karte-A-neu-1024x682.jpg 1024w\" sizes=\"auto, (max-width: 300px) 100vw, 300px\" \/><\/a><p id=\"caption-attachment-1435\" class=\"wp-caption-text\">Festival of Lights, 2008<\/p><\/div>\n<div id=\"attachment_1436\" style=\"width: 310px\" class=\"wp-caption aligncenter\"><a href=\"http:\/\/www.berliner-seiten.de\/ganz-nah\/files\/2011\/07\/A_Mauerfall1.jpg\"><img loading=\"lazy\" decoding=\"async\" aria-describedby=\"caption-attachment-1436\" class=\"size-medium wp-image-1436\" src=\"http:\/\/www.berliner-seiten.de\/ganz-nah\/files\/2011\/07\/A_Mauerfall1-300x201.jpg\" alt=\"\" width=\"300\" height=\"201\" srcset=\"http:\/\/www.berliner-seiten.de\/ganz-nah\/files\/2011\/07\/A_Mauerfall1-300x201.jpg 300w, http:\/\/www.berliner-seiten.de\/ganz-nah\/files\/2011\/07\/A_Mauerfall1-1024x687.jpg 1024w\" sizes=\"auto, (max-width: 300px) 100vw, 300px\" \/><\/a><p id=\"caption-attachment-1436\" class=\"wp-caption-text\">20 Jahre Mauerfall-1, 2009<\/p><\/div>\n<div id=\"attachment_1437\" style=\"width: 310px\" class=\"wp-caption aligncenter\"><a href=\"http:\/\/www.berliner-seiten.de\/ganz-nah\/files\/2011\/07\/A_Mauerfall2.jpg\"><img loading=\"lazy\" decoding=\"async\" aria-describedby=\"caption-attachment-1437\" class=\"size-medium wp-image-1437\" src=\"http:\/\/www.berliner-seiten.de\/ganz-nah\/files\/2011\/07\/A_Mauerfall2-300x201.jpg\" alt=\"\" width=\"300\" height=\"201\" srcset=\"http:\/\/www.berliner-seiten.de\/ganz-nah\/files\/2011\/07\/A_Mauerfall2-300x201.jpg 300w, http:\/\/www.berliner-seiten.de\/ganz-nah\/files\/2011\/07\/A_Mauerfall2-1024x687.jpg 1024w\" sizes=\"auto, (max-width: 300px) 100vw, 300px\" \/><\/a><p id=\"caption-attachment-1437\" class=\"wp-caption-text\">20 Jahre Mauerfall-2, 2009<\/p><\/div>\n<div id=\"attachment_1438\" style=\"width: 310px\" class=\"wp-caption aligncenter\"><a href=\"http:\/\/www.berliner-seiten.de\/ganz-nah\/files\/2011\/07\/A_Karte4.jpg\"><img loading=\"lazy\" decoding=\"async\" aria-describedby=\"caption-attachment-1438\" class=\"size-medium wp-image-1438\" src=\"http:\/\/www.berliner-seiten.de\/ganz-nah\/files\/2011\/07\/A_Karte4-300x201.jpg\" alt=\"\" width=\"300\" height=\"201\" srcset=\"http:\/\/www.berliner-seiten.de\/ganz-nah\/files\/2011\/07\/A_Karte4-300x201.jpg 300w, http:\/\/www.berliner-seiten.de\/ganz-nah\/files\/2011\/07\/A_Karte4-1024x687.jpg 1024w\" sizes=\"auto, (max-width: 300px) 100vw, 300px\" \/><\/a><p id=\"caption-attachment-1438\" class=\"wp-caption-text\">Vorweihnachtliches Berlin-1, Save the climate!  2009<\/p><\/div>\n<div id=\"attachment_1439\" style=\"width: 310px\" class=\"wp-caption aligncenter\"><a href=\"http:\/\/www.berliner-seiten.de\/ganz-nah\/files\/2011\/07\/A_Karte2.jpg\"><img loading=\"lazy\" decoding=\"async\" aria-describedby=\"caption-attachment-1439\" class=\"size-medium wp-image-1439\" src=\"http:\/\/www.berliner-seiten.de\/ganz-nah\/files\/2011\/07\/A_Karte2-300x200.jpg\" alt=\"\" width=\"300\" height=\"200\" srcset=\"http:\/\/www.berliner-seiten.de\/ganz-nah\/files\/2011\/07\/A_Karte2-300x200.jpg 300w, http:\/\/www.berliner-seiten.de\/ganz-nah\/files\/2011\/07\/A_Karte2-1024x683.jpg 1024w\" sizes=\"auto, (max-width: 300px) 100vw, 300px\" \/><\/a><p id=\"caption-attachment-1439\" class=\"wp-caption-text\">Vorweihnachtliches Berlin-2, 2009<\/p><\/div>\n<div id=\"attachment_1413\" style=\"width: 310px\" class=\"wp-caption aligncenter\"><a href=\"http:\/\/www.berliner-seiten.de\/ganz-nah\/files\/2011\/07\/Lights-1_2010.jpg\"><img loading=\"lazy\" decoding=\"async\" aria-describedby=\"caption-attachment-1413\" class=\"size-medium wp-image-1413\" src=\"http:\/\/www.berliner-seiten.de\/ganz-nah\/files\/2011\/07\/Lights-1_2010-300x199.jpg\" alt=\"\" width=\"300\" height=\"199\" srcset=\"http:\/\/www.berliner-seiten.de\/ganz-nah\/files\/2011\/07\/Lights-1_2010-300x199.jpg 300w, http:\/\/www.berliner-seiten.de\/ganz-nah\/files\/2011\/07\/Lights-1_2010-1024x680.jpg 1024w, http:\/\/www.berliner-seiten.de\/ganz-nah\/files\/2011\/07\/Lights-1_2010.jpg 2048w\" sizes=\"auto, (max-width: 300px) 100vw, 300px\" \/><\/a><p id=\"caption-attachment-1413\" class=\"wp-caption-text\">Festival of Lights-1, 2010<\/p><\/div>\n<div id=\"attachment_1415\" style=\"width: 310px\" class=\"wp-caption aligncenter\"><a href=\"http:\/\/www.berliner-seiten.de\/ganz-nah\/files\/2011\/07\/Lights-2_2010.jpg\"><img loading=\"lazy\" decoding=\"async\" aria-describedby=\"caption-attachment-1415\" class=\"size-medium wp-image-1415\" src=\"http:\/\/www.berliner-seiten.de\/ganz-nah\/files\/2011\/07\/Lights-2_2010-300x199.jpg\" alt=\"\" width=\"300\" height=\"199\" srcset=\"http:\/\/www.berliner-seiten.de\/ganz-nah\/files\/2011\/07\/Lights-2_2010-300x199.jpg 300w, http:\/\/www.berliner-seiten.de\/ganz-nah\/files\/2011\/07\/Lights-2_2010-1024x680.jpg 1024w, http:\/\/www.berliner-seiten.de\/ganz-nah\/files\/2011\/07\/Lights-2_2010.jpg 2048w\" sizes=\"auto, (max-width: 300px) 100vw, 300px\" \/><\/a><p id=\"caption-attachment-1415\" class=\"wp-caption-text\">Festival of Lights-2 Potsdamer Platz , 2010<\/p><\/div>\n<div id=\"attachment_2312\" style=\"width: 310px\" class=\"wp-caption aligncenter\"><a href=\"http:\/\/www.berliner-seiten.de\/ganz-nah\/files\/2011\/07\/15-DSCF8775.jpg\"><img loading=\"lazy\" decoding=\"async\" aria-describedby=\"caption-attachment-2312\" class=\"size-medium wp-image-2312\" src=\"http:\/\/www.berliner-seiten.de\/ganz-nah\/files\/2011\/07\/15-DSCF8775-300x199.jpg\" alt=\"\" width=\"300\" height=\"199\" srcset=\"http:\/\/www.berliner-seiten.de\/ganz-nah\/files\/2011\/07\/15-DSCF8775-300x199.jpg 300w, http:\/\/www.berliner-seiten.de\/ganz-nah\/files\/2011\/07\/15-DSCF8775-1024x680.jpg 1024w, http:\/\/www.berliner-seiten.de\/ganz-nah\/files\/2011\/07\/15-DSCF8775.jpg 2048w\" sizes=\"auto, (max-width: 300px) 100vw, 300px\" \/><\/a><p id=\"caption-attachment-2312\" class=\"wp-caption-text\">Festival of Lights-1, Humboldtbox und Altes Museum, 2011<\/p><\/div>\n<div id=\"attachment_2313\" style=\"width: 310px\" class=\"wp-caption aligncenter\"><a href=\"http:\/\/www.berliner-seiten.de\/ganz-nah\/files\/2011\/07\/16-DSCF8654.jpg\"><img loading=\"lazy\" decoding=\"async\" aria-describedby=\"caption-attachment-2313\" class=\"size-medium wp-image-2313\" src=\"http:\/\/www.berliner-seiten.de\/ganz-nah\/files\/2011\/07\/16-DSCF8654-300x199.jpg\" alt=\"\" width=\"300\" height=\"199\" srcset=\"http:\/\/www.berliner-seiten.de\/ganz-nah\/files\/2011\/07\/16-DSCF8654-300x199.jpg 300w, http:\/\/www.berliner-seiten.de\/ganz-nah\/files\/2011\/07\/16-DSCF8654-1024x682.jpg 1024w, http:\/\/www.berliner-seiten.de\/ganz-nah\/files\/2011\/07\/16-DSCF8654.jpg 1652w\" sizes=\"auto, (max-width: 300px) 100vw, 300px\" \/><\/a><p id=\"caption-attachment-2313\" class=\"wp-caption-text\">Festival of Lights-2, Berliner Dom, 2011<\/p><\/div>\n<div id=\"attachment_2314\" style=\"width: 310px\" class=\"wp-caption aligncenter\"><a href=\"http:\/\/www.berliner-seiten.de\/ganz-nah\/files\/2011\/07\/18-DSCF8672.jpg\"><img loading=\"lazy\" decoding=\"async\" aria-describedby=\"caption-attachment-2314\" class=\"size-medium wp-image-2314\" src=\"http:\/\/www.berliner-seiten.de\/ganz-nah\/files\/2011\/07\/18-DSCF8672-300x199.jpg\" alt=\"\" width=\"300\" height=\"199\" srcset=\"http:\/\/www.berliner-seiten.de\/ganz-nah\/files\/2011\/07\/18-DSCF8672-300x199.jpg 300w, http:\/\/www.berliner-seiten.de\/ganz-nah\/files\/2011\/07\/18-DSCF8672-1024x680.jpg 1024w, http:\/\/www.berliner-seiten.de\/ganz-nah\/files\/2011\/07\/18-DSCF8672.jpg 2048w\" sizes=\"auto, (max-width: 300px) 100vw, 300px\" \/><\/a><p id=\"caption-attachment-2314\" class=\"wp-caption-text\">Festival of Lights-3, Unter den Linden, 2011<\/p><\/div>\n<div id=\"attachment_2315\" style=\"width: 310px\" class=\"wp-caption aligncenter\"><a href=\"http:\/\/www.berliner-seiten.de\/ganz-nah\/files\/2011\/07\/19-DSCF8682.jpg\"><img loading=\"lazy\" decoding=\"async\" aria-describedby=\"caption-attachment-2315\" class=\"size-medium wp-image-2315\" src=\"http:\/\/www.berliner-seiten.de\/ganz-nah\/files\/2011\/07\/19-DSCF8682-300x199.jpg\" alt=\"\" width=\"300\" height=\"199\" srcset=\"http:\/\/www.berliner-seiten.de\/ganz-nah\/files\/2011\/07\/19-DSCF8682-300x199.jpg 300w, http:\/\/www.berliner-seiten.de\/ganz-nah\/files\/2011\/07\/19-DSCF8682-1024x680.jpg 1024w, http:\/\/www.berliner-seiten.de\/ganz-nah\/files\/2011\/07\/19-DSCF8682.jpg 2048w\" sizes=\"auto, (max-width: 300px) 100vw, 300px\" \/><\/a><p id=\"caption-attachment-2315\" class=\"wp-caption-text\">Festival of Lights-4, Brandenburger Tor mit Quadriga, 2011<\/p><\/div>\n<div id=\"attachment_2316\" style=\"width: 310px\" class=\"wp-caption aligncenter\"><a href=\"http:\/\/www.berliner-seiten.de\/ganz-nah\/files\/2011\/07\/23-DSCF8759.jpg\"><img loading=\"lazy\" decoding=\"async\" aria-describedby=\"caption-attachment-2316\" class=\"size-medium wp-image-2316\" src=\"http:\/\/www.berliner-seiten.de\/ganz-nah\/files\/2011\/07\/23-DSCF8759-300x199.jpg\" alt=\"\" width=\"300\" height=\"199\" srcset=\"http:\/\/www.berliner-seiten.de\/ganz-nah\/files\/2011\/07\/23-DSCF8759-300x199.jpg 300w, http:\/\/www.berliner-seiten.de\/ganz-nah\/files\/2011\/07\/23-DSCF8759-1024x680.jpg 1024w, http:\/\/www.berliner-seiten.de\/ganz-nah\/files\/2011\/07\/23-DSCF8759.jpg 2048w\" sizes=\"auto, (max-width: 300px) 100vw, 300px\" \/><\/a><p id=\"caption-attachment-2316\" class=\"wp-caption-text\">Festival of Lights-5, Konzerthaus\/Schauspielhaus am Gendarmenmarkt, 2011<\/p><\/div>\n<\/div>\n","protected":false},"excerpt":{"rendered":"<p>Im Zentrum meiner Fotokarten zum Thema \u201cHistorische Geb\u00e4ude\u201d steht nat\u00fcrlich Berlin. Besonders attraktiv bietet sich die Hauptstadt mit ihren historischen Geb\u00e4uden und vielen anderen Sehensw\u00fcrdigkeiten n\u00e4chtlich illuminiert dar &#8211; nach den Folgen f\u00fcr den Klimaschutz wird dann eher selten gefragt.\u00a0 &hellip; <a href=\"http:\/\/www.berliner-seiten.de\/ganz-nah\/fotokarten\/historische-gebaeude-auf-postkarten\/berliner-bauten-auf-fotokarten\/\">Weiterlesen <span class=\"meta-nav\">&rarr;<\/span><\/a><\/p>\n","protected":false},"author":6,"featured_media":0,"parent":357,"menu_order":0,"comment_status":"open","ping_status":"open","template":"","meta":{"footnotes":""},"class_list":["post-1404","page","type-page","status-publish","hentry"],"_links":{"self":[{"href":"http:\/\/www.berliner-seiten.de\/ganz-nah\/wp-json\/wp\/v2\/pages\/1404","targetHints":{"allow":["GET"]}}],"collection":[{"href":"http:\/\/www.berliner-seiten.de\/ganz-nah\/wp-json\/wp\/v2\/pages"}],"about":[{"href":"http:\/\/www.berliner-seiten.de\/ganz-nah\/wp-json\/wp\/v2\/types\/page"}],"author":[{"embeddable":true,"href":"http:\/\/www.berliner-seiten.de\/ganz-nah\/wp-json\/wp\/v2\/users\/6"}],"replies":[{"embeddable":true,"href":"http:\/\/www.berliner-seiten.de\/ganz-nah\/wp-json\/wp\/v2\/comments?post=1404"}],"version-history":[{"count":6,"href":"http:\/\/www.berliner-seiten.de\/ganz-nah\/wp-json\/wp\/v2\/pages\/1404\/revisions"}],"predecessor-version":[{"id":1406,"href":"http:\/\/www.berliner-seiten.de\/ganz-nah\/wp-json\/wp\/v2\/pages\/1404\/revisions\/1406"}],"up":[{"embeddable":true,"href":"http:\/\/www.berliner-seiten.de\/ganz-nah\/wp-json\/wp\/v2\/pages\/357"}],"wp:attachment":[{"href":"http:\/\/www.berliner-seiten.de\/ganz-nah\/wp-json\/wp\/v2\/media?parent=1404"}],"curies":[{"name":"wp","href":"https:\/\/api.w.org\/{rel}","templated":true}]}}