{"id":568,"date":"2011-06-15T19:40:45","date_gmt":"2011-06-15T17:40:45","guid":{"rendered":"http:\/\/www.berliner-seiten.de\/ganz-nah\/?page_id=568"},"modified":"2011-06-25T17:43:07","modified_gmt":"2011-06-25T15:43:07","slug":"hitparade-2010","status":"publish","type":"page","link":"http:\/\/www.berliner-seiten.de\/ganz-nah\/fotogalerie\/hitparade-2010\/","title":{"rendered":"Hitparade 2010"},"content":{"rendered":"<h3>Das Jahr 2010 brachte die gr\u00f6\u00dften Wetterkapriolen seit vielen Jahren. Der gesamte Januar war bitterkalt und bescherte uns anhaltenden Frost. Bei meiner Eiswanderung \u00fcber den zugefrorenen M\u00fcggelsee am 26. Januar herrschten -14 Grad bei einer Schneedecke von 23 cm. Aber schon Ende April gab es sommerliche Temperaturen um die 25 Grad und in der ersten Julih\u00e4lfte tropische Temperaturen &#8211; vom 10.-12. Juli drei Tage hintereinander 38 Grad. Schlie\u00dflich brach der Winter schon im November wieder herein &#8211; und bescherte uns einen der l\u00e4ngsten und schneereichsten Winter seit langem.<\/h3>\n<h3>Vor diesem Hintergrund ist die Foto-&#8222;Hitparade&#8220; 2010 zu sehen&#8230;<\/h3>\n<div id=\"attachment_569\" style=\"width: 310px\" class=\"wp-caption aligncenter\"><a href=\"http:\/\/www.berliner-seiten.de\/ganz-nah\/files\/2011\/06\/DSC_7332.jpg\"><img loading=\"lazy\" decoding=\"async\" aria-describedby=\"caption-attachment-569\" class=\"size-medium wp-image-569\" src=\"http:\/\/www.berliner-seiten.de\/ganz-nah\/files\/2011\/06\/DSC_7332-300x201.jpg\" alt=\"\" width=\"300\" height=\"201\" srcset=\"http:\/\/www.berliner-seiten.de\/ganz-nah\/files\/2011\/06\/DSC_7332-300x201.jpg 300w, http:\/\/www.berliner-seiten.de\/ganz-nah\/files\/2011\/06\/DSC_7332-1024x687.jpg 1024w\" sizes=\"auto, (max-width: 300px) 100vw, 300px\" \/><\/a><p id=\"caption-attachment-569\" class=\"wp-caption-text\">Eisiger Winter im Kiez, Januar 2010<\/p><\/div>\n<div id=\"attachment_570\" style=\"width: 310px\" class=\"wp-caption aligncenter\"><a href=\"http:\/\/www.berliner-seiten.de\/ganz-nah\/files\/2011\/06\/DSC_7377.jpg\"><img loading=\"lazy\" decoding=\"async\" aria-describedby=\"caption-attachment-570\" class=\"size-medium wp-image-570\" src=\"http:\/\/www.berliner-seiten.de\/ganz-nah\/files\/2011\/06\/DSC_7377-300x201.jpg\" alt=\"\" width=\"300\" height=\"201\" srcset=\"http:\/\/www.berliner-seiten.de\/ganz-nah\/files\/2011\/06\/DSC_7377-300x201.jpg 300w, http:\/\/www.berliner-seiten.de\/ganz-nah\/files\/2011\/06\/DSC_7377-1024x687.jpg 1024w\" sizes=\"auto, (max-width: 300px) 100vw, 300px\" \/><\/a><p id=\"caption-attachment-570\" class=\"wp-caption-text\">Das \u00e4lteste Berlin in Wei\u00df, Januar 2010<\/p><\/div>\n<div id=\"attachment_572\" style=\"width: 310px\" class=\"wp-caption aligncenter\"><a href=\"http:\/\/www.berliner-seiten.de\/ganz-nah\/files\/2011\/06\/DSC_7747.jpg\"><img loading=\"lazy\" decoding=\"async\" aria-describedby=\"caption-attachment-572\" class=\"size-medium wp-image-572\" src=\"http:\/\/www.berliner-seiten.de\/ganz-nah\/files\/2011\/06\/DSC_7747-300x201.jpg\" alt=\"\" width=\"300\" height=\"201\" srcset=\"http:\/\/www.berliner-seiten.de\/ganz-nah\/files\/2011\/06\/DSC_7747-300x201.jpg 300w, http:\/\/www.berliner-seiten.de\/ganz-nah\/files\/2011\/06\/DSC_7747-1024x687.jpg 1024w\" sizes=\"auto, (max-width: 300px) 100vw, 300px\" \/><\/a><p id=\"caption-attachment-572\" class=\"wp-caption-text\">Zugefrorener M\u00fcggelsee, Januar 2010<\/p><\/div>\n<div id=\"attachment_573\" style=\"width: 310px\" class=\"wp-caption aligncenter\"><a href=\"http:\/\/www.berliner-seiten.de\/ganz-nah\/files\/2011\/06\/DSC_8234.jpg\"><img loading=\"lazy\" decoding=\"async\" aria-describedby=\"caption-attachment-573\" class=\"size-medium wp-image-573\" src=\"http:\/\/www.berliner-seiten.de\/ganz-nah\/files\/2011\/06\/DSC_8234-300x201.jpg\" alt=\"\" width=\"300\" height=\"201\" srcset=\"http:\/\/www.berliner-seiten.de\/ganz-nah\/files\/2011\/06\/DSC_8234-300x201.jpg 300w, http:\/\/www.berliner-seiten.de\/ganz-nah\/files\/2011\/06\/DSC_8234-1024x687.jpg 1024w\" sizes=\"auto, (max-width: 300px) 100vw, 300px\" \/><\/a><p id=\"caption-attachment-573\" class=\"wp-caption-text\">Zugefrorener Spreewald bei Lehde, Februar 2010<\/p><\/div>\n<div id=\"attachment_574\" style=\"width: 310px\" class=\"wp-caption aligncenter\"><a href=\"http:\/\/www.berliner-seiten.de\/ganz-nah\/files\/2011\/06\/DSC_8519.jpg\"><img loading=\"lazy\" decoding=\"async\" aria-describedby=\"caption-attachment-574\" class=\"size-medium wp-image-574\" src=\"http:\/\/www.berliner-seiten.de\/ganz-nah\/files\/2011\/06\/DSC_8519-300x176.jpg\" alt=\"\" width=\"300\" height=\"176\" srcset=\"http:\/\/www.berliner-seiten.de\/ganz-nah\/files\/2011\/06\/DSC_8519-300x176.jpg 300w, http:\/\/www.berliner-seiten.de\/ganz-nah\/files\/2011\/06\/DSC_8519-1024x601.jpg 1024w\" sizes=\"auto, (max-width: 300px) 100vw, 300px\" \/><\/a><p id=\"caption-attachment-574\" class=\"wp-caption-text\">FC Erzgebirge Aue st\u00fcrmt in die 2. Liga, April 2010<\/p><\/div>\n<div id=\"attachment_575\" style=\"width: 310px\" class=\"wp-caption aligncenter\"><a href=\"http:\/\/www.berliner-seiten.de\/ganz-nah\/files\/2011\/06\/DSC_9090a.jpg\"><img loading=\"lazy\" decoding=\"async\" aria-describedby=\"caption-attachment-575\" class=\"size-medium wp-image-575\" src=\"http:\/\/www.berliner-seiten.de\/ganz-nah\/files\/2011\/06\/DSC_9090a-300x200.jpg\" alt=\"\" width=\"300\" height=\"200\" srcset=\"http:\/\/www.berliner-seiten.de\/ganz-nah\/files\/2011\/06\/DSC_9090a-300x200.jpg 300w, http:\/\/www.berliner-seiten.de\/ganz-nah\/files\/2011\/06\/DSC_9090a-1024x682.jpg 1024w\" sizes=\"auto, (max-width: 300px) 100vw, 300px\" \/><\/a><p id=\"caption-attachment-575\" class=\"wp-caption-text\">Neues Leben am Wei\u00dfen See in Berlin, Mai 2010<\/p><\/div>\n<div id=\"attachment_577\" style=\"width: 310px\" class=\"wp-caption aligncenter\"><a href=\"http:\/\/www.berliner-seiten.de\/ganz-nah\/files\/2011\/06\/DSCF0416.jpg\"><img loading=\"lazy\" decoding=\"async\" aria-describedby=\"caption-attachment-577\" class=\"size-medium wp-image-577\" src=\"http:\/\/www.berliner-seiten.de\/ganz-nah\/files\/2011\/06\/DSCF0416-300x199.jpg\" alt=\"\" width=\"300\" height=\"199\" srcset=\"http:\/\/www.berliner-seiten.de\/ganz-nah\/files\/2011\/06\/DSCF0416-300x199.jpg 300w, http:\/\/www.berliner-seiten.de\/ganz-nah\/files\/2011\/06\/DSCF0416-1024x680.jpg 1024w, http:\/\/www.berliner-seiten.de\/ganz-nah\/files\/2011\/06\/DSCF0416.jpg 2048w\" sizes=\"auto, (max-width: 300px) 100vw, 300px\" \/><\/a><p id=\"caption-attachment-577\" class=\"wp-caption-text\">Trotz Hitze unterwegs auf dem Barnim, Juli 2010<\/p><\/div>\n<div id=\"attachment_585\" style=\"width: 310px\" class=\"wp-caption aligncenter\"><a href=\"http:\/\/www.berliner-seiten.de\/ganz-nah\/files\/2011\/06\/DSCF9949a.jpg\"><img loading=\"lazy\" decoding=\"async\" aria-describedby=\"caption-attachment-585\" class=\"size-medium wp-image-585\" src=\"http:\/\/www.berliner-seiten.de\/ganz-nah\/files\/2011\/06\/DSCF9949a-300x200.jpg\" alt=\"\" width=\"300\" height=\"200\" srcset=\"http:\/\/www.berliner-seiten.de\/ganz-nah\/files\/2011\/06\/DSCF9949a-300x200.jpg 300w, http:\/\/www.berliner-seiten.de\/ganz-nah\/files\/2011\/06\/DSCF9949a.jpg 900w\" sizes=\"auto, (max-width: 300px) 100vw, 300px\" \/><\/a><p id=\"caption-attachment-585\" class=\"wp-caption-text\">Ohne Flei\u00df kein Preis, Juli 2010<\/p><\/div>\n<div id=\"attachment_578\" style=\"width: 310px\" class=\"wp-caption aligncenter\"><a href=\"http:\/\/www.berliner-seiten.de\/ganz-nah\/files\/2011\/06\/DSCF1044.jpg\"><img loading=\"lazy\" decoding=\"async\" aria-describedby=\"caption-attachment-578\" class=\"size-medium wp-image-578\" src=\"http:\/\/www.berliner-seiten.de\/ganz-nah\/files\/2011\/06\/DSCF1044-300x199.jpg\" alt=\"\" width=\"300\" height=\"199\" srcset=\"http:\/\/www.berliner-seiten.de\/ganz-nah\/files\/2011\/06\/DSCF1044-300x199.jpg 300w, http:\/\/www.berliner-seiten.de\/ganz-nah\/files\/2011\/06\/DSCF1044-1024x680.jpg 1024w, http:\/\/www.berliner-seiten.de\/ganz-nah\/files\/2011\/06\/DSCF1044.jpg 2048w\" sizes=\"auto, (max-width: 300px) 100vw, 300px\" \/><\/a><p id=\"caption-attachment-578\" class=\"wp-caption-text\">L\u00fcbben vom Kirchturm gesehen, September 2010<\/p><\/div>\n<div id=\"attachment_579\" style=\"width: 310px\" class=\"wp-caption aligncenter\"><a href=\"http:\/\/www.berliner-seiten.de\/ganz-nah\/files\/2011\/06\/DSCF1126.jpg\"><img loading=\"lazy\" decoding=\"async\" aria-describedby=\"caption-attachment-579\" class=\"size-medium wp-image-579\" src=\"http:\/\/www.berliner-seiten.de\/ganz-nah\/files\/2011\/06\/DSCF1126-300x199.jpg\" alt=\"\" width=\"300\" height=\"199\" srcset=\"http:\/\/www.berliner-seiten.de\/ganz-nah\/files\/2011\/06\/DSCF1126-300x199.jpg 300w, http:\/\/www.berliner-seiten.de\/ganz-nah\/files\/2011\/06\/DSCF1126-1024x680.jpg 1024w, http:\/\/www.berliner-seiten.de\/ganz-nah\/files\/2011\/06\/DSCF1126.jpg 2048w\" sizes=\"auto, (max-width: 300px) 100vw, 300px\" \/><\/a><p id=\"caption-attachment-579\" class=\"wp-caption-text\">Schwere Pilzgeburt, N\u00e4he Schwielochsee, September 2010<\/p><\/div>\n<div id=\"attachment_581\" style=\"width: 310px\" class=\"wp-caption aligncenter\"><a href=\"http:\/\/www.berliner-seiten.de\/ganz-nah\/files\/2011\/06\/DSCF2387.jpg\"><img loading=\"lazy\" decoding=\"async\" aria-describedby=\"caption-attachment-581\" class=\"size-medium wp-image-581\" src=\"http:\/\/www.berliner-seiten.de\/ganz-nah\/files\/2011\/06\/DSCF2387-300x199.jpg\" alt=\"\" width=\"300\" height=\"199\" srcset=\"http:\/\/www.berliner-seiten.de\/ganz-nah\/files\/2011\/06\/DSCF2387-300x199.jpg 300w, http:\/\/www.berliner-seiten.de\/ganz-nah\/files\/2011\/06\/DSCF2387-1024x680.jpg 1024w, http:\/\/www.berliner-seiten.de\/ganz-nah\/files\/2011\/06\/DSCF2387.jpg 2048w\" sizes=\"auto, (max-width: 300px) 100vw, 300px\" \/><\/a><p id=\"caption-attachment-581\" class=\"wp-caption-text\">Ausflug auf den Brocken, Oktober 2010<\/p><\/div>\n<div id=\"attachment_582\" style=\"width: 210px\" class=\"wp-caption aligncenter\"><a href=\"http:\/\/www.berliner-seiten.de\/ganz-nah\/files\/2011\/06\/DSCF3787a1.jpg\"><img loading=\"lazy\" decoding=\"async\" aria-describedby=\"caption-attachment-582\" class=\"size-medium wp-image-582\" src=\"http:\/\/www.berliner-seiten.de\/ganz-nah\/files\/2011\/06\/DSCF3787a1-200x300.jpg\" alt=\"\" width=\"200\" height=\"300\" srcset=\"http:\/\/www.berliner-seiten.de\/ganz-nah\/files\/2011\/06\/DSCF3787a1-200x300.jpg 200w, http:\/\/www.berliner-seiten.de\/ganz-nah\/files\/2011\/06\/DSCF3787a1.jpg 600w\" sizes=\"auto, (max-width: 200px) 100vw, 200px\" \/><\/a><p id=\"caption-attachment-582\" class=\"wp-caption-text\">Herbstsch\u00f6nheit am Stadtrand von Berlin, November 2010<\/p><\/div>\n<div id=\"attachment_583\" style=\"width: 310px\" class=\"wp-caption aligncenter\"><a rel=\"attachment wp-att-583\" href=\"http:\/\/www.berliner-seiten.de\/ganz-nah\/fotogalerie\/hitparade-2010\/dscf6192\/\"><img loading=\"lazy\" decoding=\"async\" aria-describedby=\"caption-attachment-583\" class=\"size-medium wp-image-583\" src=\"http:\/\/www.berliner-seiten.de\/ganz-nah\/files\/2011\/06\/DSCF6192-300x199.jpg\" alt=\"\" width=\"300\" height=\"199\" srcset=\"http:\/\/www.berliner-seiten.de\/ganz-nah\/files\/2011\/06\/DSCF6192-300x199.jpg 300w, http:\/\/www.berliner-seiten.de\/ganz-nah\/files\/2011\/06\/DSCF6192-1024x680.jpg 1024w, http:\/\/www.berliner-seiten.de\/ganz-nah\/files\/2011\/06\/DSCF6192.jpg 2048w\" sizes=\"auto, (max-width: 300px) 100vw, 300px\" \/><\/a><p id=\"caption-attachment-583\" class=\"wp-caption-text\">Das gro\u00dfe Spektakel: Hertha BSC gegen FC Erzgebirge Aue (links), Dezember 2010<\/p><\/div>\n<div id=\"attachment_584\" style=\"width: 310px\" class=\"wp-caption aligncenter\"><a href=\"http:\/\/www.berliner-seiten.de\/ganz-nah\/files\/2011\/06\/DSCF6724.jpg\"><img loading=\"lazy\" decoding=\"async\" aria-describedby=\"caption-attachment-584\" class=\"size-medium wp-image-584\" src=\"http:\/\/www.berliner-seiten.de\/ganz-nah\/files\/2011\/06\/DSCF6724-300x199.jpg\" alt=\"\" width=\"300\" height=\"199\" srcset=\"http:\/\/www.berliner-seiten.de\/ganz-nah\/files\/2011\/06\/DSCF6724-300x199.jpg 300w, http:\/\/www.berliner-seiten.de\/ganz-nah\/files\/2011\/06\/DSCF6724-1024x680.jpg 1024w, http:\/\/www.berliner-seiten.de\/ganz-nah\/files\/2011\/06\/DSCF6724.jpg 2048w\" sizes=\"auto, (max-width: 300px) 100vw, 300px\" \/><\/a><p id=\"caption-attachment-584\" class=\"wp-caption-text\">Der Winter ist wieder da! Dezember 2010<\/p><\/div>\n<div id=\"attachment_586\" style=\"width: 310px\" class=\"wp-caption aligncenter\"><a href=\"http:\/\/www.berliner-seiten.de\/ganz-nah\/files\/2011\/06\/DSCF7329.jpg\"><img loading=\"lazy\" decoding=\"async\" aria-describedby=\"caption-attachment-586\" class=\"size-medium wp-image-586\" src=\"http:\/\/www.berliner-seiten.de\/ganz-nah\/files\/2011\/06\/DSCF7329-300x199.jpg\" alt=\"\" width=\"300\" height=\"199\" srcset=\"http:\/\/www.berliner-seiten.de\/ganz-nah\/files\/2011\/06\/DSCF7329-300x199.jpg 300w, http:\/\/www.berliner-seiten.de\/ganz-nah\/files\/2011\/06\/DSCF7329-1024x680.jpg 1024w, http:\/\/www.berliner-seiten.de\/ganz-nah\/files\/2011\/06\/DSCF7329.jpg 2048w\" sizes=\"auto, (max-width: 300px) 100vw, 300px\" \/><\/a><p id=\"caption-attachment-586\" class=\"wp-caption-text\">Jahresausklang im Kiez, Dezember 2010<\/p><\/div>\n","protected":false},"excerpt":{"rendered":"<p>Das Jahr 2010 brachte die gr\u00f6\u00dften Wetterkapriolen seit vielen Jahren. Der gesamte Januar war bitterkalt und bescherte uns anhaltenden Frost. Bei meiner Eiswanderung \u00fcber den zugefrorenen M\u00fcggelsee am 26. Januar herrschten -14 Grad bei einer Schneedecke von 23 cm. Aber &hellip; <a href=\"http:\/\/www.berliner-seiten.de\/ganz-nah\/fotogalerie\/hitparade-2010\/\">Weiterlesen <span class=\"meta-nav\">&rarr;<\/span><\/a><\/p>\n","protected":false},"author":6,"featured_media":0,"parent":53,"menu_order":0,"comment_status":"open","ping_status":"open","template":"","meta":{"footnotes":""},"class_list":["post-568","page","type-page","status-publish","hentry"],"_links":{"self":[{"href":"http:\/\/www.berliner-seiten.de\/ganz-nah\/wp-json\/wp\/v2\/pages\/568","targetHints":{"allow":["GET"]}}],"collection":[{"href":"http:\/\/www.berliner-seiten.de\/ganz-nah\/wp-json\/wp\/v2\/pages"}],"about":[{"href":"http:\/\/www.berliner-seiten.de\/ganz-nah\/wp-json\/wp\/v2\/types\/page"}],"author":[{"embeddable":true,"href":"http:\/\/www.berliner-seiten.de\/ganz-nah\/wp-json\/wp\/v2\/users\/6"}],"replies":[{"embeddable":true,"href":"http:\/\/www.berliner-seiten.de\/ganz-nah\/wp-json\/wp\/v2\/comments?post=568"}],"version-history":[{"count":7,"href":"http:\/\/www.berliner-seiten.de\/ganz-nah\/wp-json\/wp\/v2\/pages\/568\/revisions"}],"predecessor-version":[{"id":589,"href":"http:\/\/www.berliner-seiten.de\/ganz-nah\/wp-json\/wp\/v2\/pages\/568\/revisions\/589"}],"up":[{"embeddable":true,"href":"http:\/\/www.berliner-seiten.de\/ganz-nah\/wp-json\/wp\/v2\/pages\/53"}],"wp:attachment":[{"href":"http:\/\/www.berliner-seiten.de\/ganz-nah\/wp-json\/wp\/v2\/media?parent=568"}],"curies":[{"name":"wp","href":"https:\/\/api.w.org\/{rel}","templated":true}]}}