{"id":3,"date":"2011-04-27T15:47:14","date_gmt":"2011-04-27T15:47:14","guid":{"rendered":"http:\/\/www.berliner-seiten.de\/weissensee\/weissensee8\/"},"modified":"2011-05-22T08:24:27","modified_gmt":"2011-05-22T08:24:27","slug":"weissensee8","status":"publish","type":"page","link":"http:\/\/www.berliner-seiten.de\/weissensee\/weissensee8\/","title":{"rendered":"Der Wei\u00dfe See"},"content":{"rendered":"<p>H\u00f6he des Wasserspiegels 41,70 m \u00fc. NN<br \/>\nL\u00e4nge des Sees 350 m<br \/>\nBreite des Sees 305 m<br \/>\nSeefl\u00e4che 83011 m2<br \/>\nUmfang 1175 m<br \/>\nVolumen 360606 m3<br \/>\ngr\u00f6\u00dfte Tiefe 10,64 m<br \/>\nmittlere Tiefe 4,34 m <\/p>\n","protected":false},"excerpt":{"rendered":"<p>H\u00f6he des Wasserspiegels 41,70 m \u00fc. NN L\u00e4nge des Sees 350 m Breite des Sees 305 m Seefl\u00e4che 83011 m2 Umfang 1175 m Volumen 360606 m3 gr\u00f6\u00dfte Tiefe 10,64 m mittlere Tiefe 4,34 m<\/p>\n","protected":false},"author":1,"featured_media":0,"parent":0,"menu_order":0,"comment_status":"closed","ping_status":"closed","template":"","meta":{"footnotes":""},"class_list":["post-3","page","type-page","status-publish","hentry"],"_links":{"self":[{"href":"http:\/\/www.berliner-seiten.de\/weissensee\/wp-json\/wp\/v2\/pages\/3","targetHints":{"allow":["GET"]}}],"collection":[{"href":"http:\/\/www.berliner-seiten.de\/weissensee\/wp-json\/wp\/v2\/pages"}],"about":[{"href":"http:\/\/www.berliner-seiten.de\/weissensee\/wp-json\/wp\/v2\/types\/page"}],"author":[{"embeddable":true,"href":"http:\/\/www.berliner-seiten.de\/weissensee\/wp-json\/wp\/v2\/users\/1"}],"replies":[{"embeddable":true,"href":"http:\/\/www.berliner-seiten.de\/weissensee\/wp-json\/wp\/v2\/comments?post=3"}],"version-history":[{"count":2,"href":"http:\/\/www.berliner-seiten.de\/weissensee\/wp-json\/wp\/v2\/pages\/3\/revisions"}],"predecessor-version":[{"id":9,"href":"http:\/\/www.berliner-seiten.de\/weissensee\/wp-json\/wp\/v2\/pages\/3\/revisions\/9"}],"wp:attachment":[{"href":"http:\/\/www.berliner-seiten.de\/weissensee\/wp-json\/wp\/v2\/media?parent=3"}],"curies":[{"name":"wp","href":"https:\/\/api.w.org\/{rel}","templated":true}]}}